{"id":868,"date":"2016-06-07T09:22:11","date_gmt":"2016-06-07T08:22:11","guid":{"rendered":"http:\/\/www.safekom.pl\/blog\/?page_id=868"},"modified":"2023-03-04T21:19:17","modified_gmt":"2023-03-04T20:19:17","slug":"o-nas","status":"publish","type":"page","link":"https:\/\/www.safekom.pl\/blog\/o-nas\/","title":{"rendered":"O Nas"},"content":{"rendered":"<div id=\"pl-868\"  class=\"panel-layout\" ><div id=\"pg-868-0\"  class=\"panel-grid panel-no-style\" ><div id=\"pgc-868-0-0\"  class=\"panel-grid-cell\" ><div id=\"panel-868-0-0-0\" class=\"so-panel widget_sow-editor panel-first-child\" data-index=\"0\" ><div\n\t\t\t\n\t\t\tclass=\"so-widget-sow-editor so-widget-sow-editor-base\"\n\t\t\t\n\t\t>\n<div class=\"siteorigin-widget-tinymce textwidget\">\n\t<h1 style=\"text-align: center;\">Micha\u0142 Iwa\u0144czuk<\/h1>\n<p style=\"text-align: left;\"><a href=\"https:\/\/i0.wp.com\/www.safekom.pl\/blog\/wp-content\/uploads\/2016\/06\/michal_iwanczuk-1.jpg\"><img data-attachment-id=\"1036\" data-permalink=\"https:\/\/www.safekom.pl\/blog\/o-nas\/attachment\/michal_iwanczuk-2\/\" data-orig-file=\"https:\/\/i0.wp.com\/www.safekom.pl\/blog\/wp-content\/uploads\/2016\/06\/michal_iwanczuk-1.jpg?fit=3276%2C4035&amp;ssl=1\" data-orig-size=\"3276,4035\" data-comments-opened=\"0\" data-image-meta=\"{&quot;aperture&quot;:&quot;0&quot;,&quot;credit&quot;:&quot;&quot;,&quot;camera&quot;:&quot;&quot;,&quot;caption&quot;:&quot;&quot;,&quot;created_timestamp&quot;:&quot;0&quot;,&quot;copyright&quot;:&quot;&quot;,&quot;focal_length&quot;:&quot;0&quot;,&quot;iso&quot;:&quot;0&quot;,&quot;shutter_speed&quot;:&quot;0&quot;,&quot;title&quot;:&quot;&quot;,&quot;orientation&quot;:&quot;1&quot;}\" data-image-title=\"michal_iwanczuk\" data-image-description=\"\" data-image-caption=\"\" data-large-file=\"https:\/\/i0.wp.com\/www.safekom.pl\/blog\/wp-content\/uploads\/2016\/06\/michal_iwanczuk-1.jpg?fit=770%2C949&amp;ssl=1\" data-recalc-dims=\"1\" loading=\"lazy\" decoding=\"async\" class=\"wp-image-1036 alignleft\" src=\"https:\/\/i0.wp.com\/www.safekom.pl\/blog\/wp-content\/uploads\/2016\/06\/michal_iwanczuk-1.jpg?resize=130%2C160\" alt=\"\" width=\"130\" height=\"160\" srcset=\"https:\/\/i0.wp.com\/www.safekom.pl\/blog\/wp-content\/uploads\/2016\/06\/michal_iwanczuk-1.jpg?w=3276&amp;ssl=1 3276w, https:\/\/i0.wp.com\/www.safekom.pl\/blog\/wp-content\/uploads\/2016\/06\/michal_iwanczuk-1.jpg?resize=244%2C300&amp;ssl=1 244w, https:\/\/i0.wp.com\/www.safekom.pl\/blog\/wp-content\/uploads\/2016\/06\/michal_iwanczuk-1.jpg?resize=768%2C946&amp;ssl=1 768w, https:\/\/i0.wp.com\/www.safekom.pl\/blog\/wp-content\/uploads\/2016\/06\/michal_iwanczuk-1.jpg?resize=831%2C1024&amp;ssl=1 831w, https:\/\/i0.wp.com\/www.safekom.pl\/blog\/wp-content\/uploads\/2016\/06\/michal_iwanczuk-1.jpg?w=1540&amp;ssl=1 1540w, https:\/\/i0.wp.com\/www.safekom.pl\/blog\/wp-content\/uploads\/2016\/06\/michal_iwanczuk-1.jpg?w=2310&amp;ssl=1 2310w\" sizes=\"auto, (max-width: 130px) 100vw, 130px\" \/><\/a><span style=\"font-family: helvetica, arial, sans-serif;\">Pasjonat komputerowy od zawsze oraz maniak w zakresie sieci, wirtualizacji oraz bezpiecze\u0144stwa IT.<\/span><br \/> <span style=\"font-family: helvetica, arial, sans-serif;\">Kompetentny in\u017cynier z du\u017cym do\u015bwiadczeniem w realizacji projekt\u00f3w informatycznych i telekomunikacyjnych. Wieloletni administrator IT, kt\u00f3ry utrzymuje systemy informatyczne dostosowuj\u0105c je do wymog\u00f3w biznesowych z zapewnieniem dost\u0119pno\u015bci 24\/7\/365.<\/span><br \/> <span style=\"font-family: helvetica, arial, sans-serif;\">Prezentuj\u0119 umiej\u0119tno\u015b\u0107 wdra\u017cania optymalnych \u201eszytych na miar\u0119\u201drozwi\u0105za\u0144 dla firm.<br \/><\/span><\/p>\n<p style=\"text-align: left;\">Moje motto:<br \/> <span style=\"font-family: helvetica, arial, sans-serif;\">\u201ePracuj\u0105c ci\u0119\u017cko nad czym\u015b na czym nam nie zale\u017cy nazywamy stresem, pracuj\u0105c ci\u0119\u017cko nad czym\u015b co kochamy nazywamy pasj\u0105.\u201d<\/span><br \/> <span style=\"font-family: helvetica, arial, sans-serif;\">T\u0142um. cytatu z orygina\u0142u Simon Sinek<\/span><\/p>\n<p style=\"text-align: left;\">Znajdziesz mnie na portalach:<br \/> \u00a0<a href=\"https:\/\/www.linkedin.com\/in\/michaliwanczuk\"><img data-attachment-id=\"897\" data-permalink=\"https:\/\/www.safekom.pl\/blog\/o-nas\/attachment\/linkedin-logo\/\" data-orig-file=\"https:\/\/i0.wp.com\/www.safekom.pl\/blog\/wp-content\/uploads\/2016\/06\/linkedin-logo..png?fit=2067%2C763&amp;ssl=1\" data-orig-size=\"2067,763\" data-comments-opened=\"0\" data-image-meta=\"{&quot;aperture&quot;:&quot;0&quot;,&quot;credit&quot;:&quot;&quot;,&quot;camera&quot;:&quot;&quot;,&quot;caption&quot;:&quot;&quot;,&quot;created_timestamp&quot;:&quot;0&quot;,&quot;copyright&quot;:&quot;&quot;,&quot;focal_length&quot;:&quot;0&quot;,&quot;iso&quot;:&quot;0&quot;,&quot;shutter_speed&quot;:&quot;0&quot;,&quot;title&quot;:&quot;&quot;,&quot;orientation&quot;:&quot;0&quot;}\" data-image-title=\"linkedin-logo.\" data-image-description=\"\" data-image-caption=\"\" data-large-file=\"https:\/\/i0.wp.com\/www.safekom.pl\/blog\/wp-content\/uploads\/2016\/06\/linkedin-logo..png?fit=770%2C284&amp;ssl=1\" data-recalc-dims=\"1\" loading=\"lazy\" decoding=\"async\" class=\"alignleft wp-image-897\" src=\"https:\/\/i0.wp.com\/www.safekom.pl\/blog\/wp-content\/uploads\/2016\/06\/linkedin-logo.-300x111.png?resize=80%2C30\" alt=\"linkedin-logo\" width=\"80\" height=\"30\" srcset=\"https:\/\/i0.wp.com\/www.safekom.pl\/blog\/wp-content\/uploads\/2016\/06\/linkedin-logo..png?resize=300%2C111&amp;ssl=1 300w, https:\/\/i0.wp.com\/www.safekom.pl\/blog\/wp-content\/uploads\/2016\/06\/linkedin-logo..png?resize=768%2C283&amp;ssl=1 768w, https:\/\/i0.wp.com\/www.safekom.pl\/blog\/wp-content\/uploads\/2016\/06\/linkedin-logo..png?resize=1024%2C378&amp;ssl=1 1024w, https:\/\/i0.wp.com\/www.safekom.pl\/blog\/wp-content\/uploads\/2016\/06\/linkedin-logo..png?w=1540&amp;ssl=1 1540w\" sizes=\"auto, (max-width: 80px) 100vw, 80px\" \/><\/a><a href=\"https:\/\/twitter.com\/MIwanczuk_\"><img data-attachment-id=\"898\" data-permalink=\"https:\/\/www.safekom.pl\/blog\/o-nas\/attachment\/twitter_logo\/\" data-orig-file=\"https:\/\/i0.wp.com\/www.safekom.pl\/blog\/wp-content\/uploads\/2016\/06\/Twitter_Logo.png?fit=2520%2C1080&amp;ssl=1\" data-orig-size=\"2520,1080\" data-comments-opened=\"0\" data-image-meta=\"{&quot;aperture&quot;:&quot;0&quot;,&quot;credit&quot;:&quot;&quot;,&quot;camera&quot;:&quot;&quot;,&quot;caption&quot;:&quot;&quot;,&quot;created_timestamp&quot;:&quot;0&quot;,&quot;copyright&quot;:&quot;&quot;,&quot;focal_length&quot;:&quot;0&quot;,&quot;iso&quot;:&quot;0&quot;,&quot;shutter_speed&quot;:&quot;0&quot;,&quot;title&quot;:&quot;&quot;,&quot;orientation&quot;:&quot;0&quot;}\" data-image-title=\"Twitter_Logo\" data-image-description=\"\" data-image-caption=\"\" data-large-file=\"https:\/\/i0.wp.com\/www.safekom.pl\/blog\/wp-content\/uploads\/2016\/06\/Twitter_Logo.png?fit=770%2C330&amp;ssl=1\" data-recalc-dims=\"1\" loading=\"lazy\" decoding=\"async\" class=\"alignnone wp-image-898\" src=\"https:\/\/i0.wp.com\/www.safekom.pl\/blog\/wp-content\/uploads\/2016\/06\/Twitter_Logo.png?resize=80%2C34\" alt=\"Twitter_Logo\" width=\"80\" height=\"34\" srcset=\"https:\/\/i0.wp.com\/www.safekom.pl\/blog\/wp-content\/uploads\/2016\/06\/Twitter_Logo.png?w=2520&amp;ssl=1 2520w, https:\/\/i0.wp.com\/www.safekom.pl\/blog\/wp-content\/uploads\/2016\/06\/Twitter_Logo.png?resize=300%2C129&amp;ssl=1 300w, https:\/\/i0.wp.com\/www.safekom.pl\/blog\/wp-content\/uploads\/2016\/06\/Twitter_Logo.png?resize=768%2C329&amp;ssl=1 768w, https:\/\/i0.wp.com\/www.safekom.pl\/blog\/wp-content\/uploads\/2016\/06\/Twitter_Logo.png?resize=1024%2C439&amp;ssl=1 1024w, https:\/\/i0.wp.com\/www.safekom.pl\/blog\/wp-content\/uploads\/2016\/06\/Twitter_Logo.png?w=1540&amp;ssl=1 1540w, https:\/\/i0.wp.com\/www.safekom.pl\/blog\/wp-content\/uploads\/2016\/06\/Twitter_Logo.png?w=2310&amp;ssl=1 2310w\" sizes=\"auto, (max-width: 80px) 100vw, 80px\" \/><\/a><\/p>\n<h2 style=\"text-align: left;\"><span style=\"font-family: helvetica, arial, sans-serif;\">Do\u015bwiadczenie:<\/span><\/h2>\n<h4 style=\"text-align: left;\"><span style=\"font-family: helvetica, arial, sans-serif;\">Urz\u0105dzenia sieciowe i bezpiecze\u0144stwa:<\/span><\/h4>\n<ul style=\"text-align: left;\">\n<li>Juniper: routing, switching, firewall (Junos and Screnos)<\/li>\n<li>Secure Pulse : SSL VPN, NAC<\/li>\n<li>HP: Switching<\/li>\n<li>Palo Alto Networks: firewall, SSL VPN, IPS<\/li>\n<li>Source Fire(Cisco): firewall, IPS<\/li>\n<li>Fortinet: firewall, IPS, SSL VPN<\/li>\n<li>Cisco: routing, switching, firewall<\/li>\n<li>Dell: switching, routing, firewall<\/li>\n<li>F5: LTM, APM, ASM<\/li>\n<li>McAfee: Proxy, IPS<\/li>\n<li>Blue Coat: Proxy<\/li>\n<li>Checkpoint: IPS, firewall<\/li>\n<\/ul>\n<h4 style=\"text-align: left;\"><span style=\"font-family: helvetica, arial, sans-serif;\">Wirtualizacja:<\/span><\/h4>\n<ul style=\"text-align: left;\">\n<li><span style=\"font-family: georgia, palatino, serif;\">VMware (vSphere, vCenter, Horizon, NSX)<\/span><\/li>\n<\/ul>\n<h4 style=\"text-align: left;\"><span style=\"font-family: helvetica, arial, sans-serif;\">Systemy Operacyjne:<\/span><\/h4>\n<ul style=\"text-align: left;\">\n<li><span style=\"font-family: georgia, palatino, serif;\">MS Windows 2kX<\/span><\/li>\n<\/ul>\n<h4 style=\"text-align: left;\"><span style=\"font-family: helvetica, arial, sans-serif;\">Backup and storage:<\/span><\/h4>\n<ul style=\"text-align: left;\">\n<li><span style=\"font-family: georgia, palatino, serif;\">EMC (Avamar, Data Domain, VNX)<\/span><\/li>\n<li><span style=\"font-family: georgia, palatino, serif;\">IBM (Storwize)<\/span><\/li>\n<li>DELL (Equallogic)<\/li>\n<li><span style=\"font-family: georgia, palatino, serif;\">Brocade (SAN Network)<\/span><\/li>\n<\/ul>\n<h4 style=\"text-align: left;\"><span style=\"font-family: helvetica, arial, sans-serif;\">Sprz\u0119t serwerowy:<\/span><\/h4>\n<ul>\n<li style=\"text-align: left;\">DELL<\/li>\n<li style=\"text-align: left;\">HP<\/li>\n<li style=\"text-align: left;\">IBM<\/li>\n<\/ul>\n<h1 style=\"text-align: center;\">\u00a0<\/h1>\n<\/div>\n<\/div><\/div><div id=\"panel-868-0-0-1\" class=\"so-panel widget_sow-editor panel-last-child\" data-index=\"1\" ><div\n\t\t\t\n\t\t\tclass=\"so-widget-sow-editor so-widget-sow-editor-base\"\n\t\t\t\n\t\t><h3 class=\"widget-title\">Kontakt<\/h3>\n<div class=\"siteorigin-widget-tinymce textwidget\">\n\t<p>Je\u017celi potrzebujesz pomocy w kt\u00f3re\u015b kwestii wymienionej powy\u017cej zapraszamy do kontaktu przez formularz kontaktowy na stronie <a href=\"https:\/\/www.safekom.pl\/blog\/kontakt\/\">kontakt<\/a><\/p>\n<\/div>\n<\/div><\/div><\/div><\/div><\/div>","protected":false},"excerpt":{"rendered":"<p>Micha\u0142 Iwa\u0144czukPasjonat komputerowy od zawsze oraz maniak w zakresie sieci, wirtualizacji oraz bezpiecze\u0144stwa IT. Kompetentny in\u017cynier z du\u017cym do\u015bwiadczeniem w realizacji projekt\u00f3w informatycznych i telekomunikacyjnych. Wieloletni administrator IT, kt\u00f3ry utrzymuje systemy informatyczne dostosowuj\u0105c je do wymog\u00f3w biznesowych z zapewnieniem dost\u0119pno\u015bci 24\/7\/365. Prezentuj\u0119 umiej\u0119tno\u015b\u0107 wdra\u017cania optymalnych \u201eszytych na miar\u0119\u201drozwi\u0105za\u0144 dla firm.Moje motto: \u201ePracuj\u0105c ci\u0119\u017cko nad czym\u015b [&hellip;]<\/p>\n","protected":false},"author":1,"featured_media":0,"parent":0,"menu_order":0,"comment_status":"closed","ping_status":"closed","template":"","meta":{"footnotes":""},"class_list":["post-868","page","type-page","status-publish","hentry"],"yoast_head":"<!-- This site is optimized with the Yoast SEO plugin v27.6 - https:\/\/yoast.com\/product\/yoast-seo-wordpress\/ -->\n<title>O Nas - SafeKom Blog<\/title>\n<meta name=\"robots\" content=\"index, follow, max-snippet:-1, max-image-preview:large, max-video-preview:-1\" \/>\n<link rel=\"canonical\" href=\"https:\/\/www.safekom.pl\/blog\/o-nas\/\" \/>\n<meta property=\"og:locale\" content=\"pl_PL\" \/>\n<meta property=\"og:type\" content=\"article\" \/>\n<meta property=\"og:title\" content=\"O Nas - SafeKom Blog\" \/>\n<meta property=\"og:description\" content=\"Micha\u0142 Iwa\u0144czukPasjonat komputerowy od zawsze oraz maniak w zakresie sieci, wirtualizacji oraz bezpiecze\u0144stwa IT. Kompetentny in\u017cynier z du\u017cym do\u015bwiadczeniem w realizacji projekt\u00f3w informatycznych i telekomunikacyjnych. Wieloletni administrator IT, kt\u00f3ry utrzymuje systemy informatyczne dostosowuj\u0105c je do wymog\u00f3w biznesowych z zapewnieniem dost\u0119pno\u015bci 24\/7\/365. Prezentuj\u0119 umiej\u0119tno\u015b\u0107 wdra\u017cania optymalnych \u201eszytych na miar\u0119\u201drozwi\u0105za\u0144 dla firm.Moje motto: \u201ePracuj\u0105c ci\u0119\u017cko nad czym\u015b [&hellip;]\" \/>\n<meta property=\"og:url\" content=\"https:\/\/www.safekom.pl\/blog\/o-nas\/\" \/>\n<meta property=\"og:site_name\" content=\"SafeKom Blog\" \/>\n<meta property=\"article:publisher\" content=\"https:\/\/www.facebook.com\/safekompl\" \/>\n<meta property=\"article:modified_time\" content=\"2023-03-04T20:19:17+00:00\" \/>\n<meta property=\"og:image\" content=\"http:\/\/www.safekom.pl\/blog\/wp-content\/uploads\/2016\/06\/michal_iwanczuk-1.jpg\" \/>\n<meta name=\"twitter:card\" content=\"summary_large_image\" \/>\n<meta name=\"twitter:site\" content=\"@MIwaczuk\" \/>\n<meta name=\"twitter:label1\" content=\"Szacowany czas czytania\" \/>\n\t<meta name=\"twitter:data1\" content=\"2 minuty\" \/>\n<script type=\"application\/ld+json\" class=\"yoast-schema-graph\">{\"@context\":\"https:\\\/\\\/schema.org\",\"@graph\":[{\"@type\":\"WebPage\",\"@id\":\"https:\\\/\\\/www.safekom.pl\\\/blog\\\/o-nas\\\/\",\"url\":\"https:\\\/\\\/www.safekom.pl\\\/blog\\\/o-nas\\\/\",\"name\":\"O Nas - SafeKom Blog\",\"isPartOf\":{\"@id\":\"https:\\\/\\\/www.safekom.pl\\\/blog\\\/#website\"},\"primaryImageOfPage\":{\"@id\":\"https:\\\/\\\/www.safekom.pl\\\/blog\\\/o-nas\\\/#primaryimage\"},\"image\":{\"@id\":\"https:\\\/\\\/www.safekom.pl\\\/blog\\\/o-nas\\\/#primaryimage\"},\"thumbnailUrl\":\"http:\\\/\\\/www.safekom.pl\\\/blog\\\/wp-content\\\/uploads\\\/2016\\\/06\\\/michal_iwanczuk-1.jpg\",\"datePublished\":\"2016-06-07T08:22:11+00:00\",\"dateModified\":\"2023-03-04T20:19:17+00:00\",\"breadcrumb\":{\"@id\":\"https:\\\/\\\/www.safekom.pl\\\/blog\\\/o-nas\\\/#breadcrumb\"},\"inLanguage\":\"pl-PL\",\"potentialAction\":[{\"@type\":\"ReadAction\",\"target\":[\"https:\\\/\\\/www.safekom.pl\\\/blog\\\/o-nas\\\/\"]}]},{\"@type\":\"ImageObject\",\"inLanguage\":\"pl-PL\",\"@id\":\"https:\\\/\\\/www.safekom.pl\\\/blog\\\/o-nas\\\/#primaryimage\",\"url\":\"http:\\\/\\\/www.safekom.pl\\\/blog\\\/wp-content\\\/uploads\\\/2016\\\/06\\\/michal_iwanczuk-1.jpg\",\"contentUrl\":\"http:\\\/\\\/www.safekom.pl\\\/blog\\\/wp-content\\\/uploads\\\/2016\\\/06\\\/michal_iwanczuk-1.jpg\"},{\"@type\":\"BreadcrumbList\",\"@id\":\"https:\\\/\\\/www.safekom.pl\\\/blog\\\/o-nas\\\/#breadcrumb\",\"itemListElement\":[{\"@type\":\"ListItem\",\"position\":1,\"name\":\"Strona g\u0142\u00f3wna\",\"item\":\"https:\\\/\\\/www.safekom.pl\\\/blog\\\/\"},{\"@type\":\"ListItem\",\"position\":2,\"name\":\"O Nas\"}]},{\"@type\":\"WebSite\",\"@id\":\"https:\\\/\\\/www.safekom.pl\\\/blog\\\/#website\",\"url\":\"https:\\\/\\\/www.safekom.pl\\\/blog\\\/\",\"name\":\"SafeKom Blog\",\"description\":\"Notatki Architekta i in\u017cyniera zwi\u0105zanego rozwi\u0105zaniami on-prem\",\"publisher\":{\"@id\":\"https:\\\/\\\/www.safekom.pl\\\/blog\\\/#organization\"},\"potentialAction\":[{\"@type\":\"SearchAction\",\"target\":{\"@type\":\"EntryPoint\",\"urlTemplate\":\"https:\\\/\\\/www.safekom.pl\\\/blog\\\/?s={search_term_string}\"},\"query-input\":{\"@type\":\"PropertyValueSpecification\",\"valueRequired\":true,\"valueName\":\"search_term_string\"}}],\"inLanguage\":\"pl-PL\"},{\"@type\":\"Organization\",\"@id\":\"https:\\\/\\\/www.safekom.pl\\\/blog\\\/#organization\",\"name\":\"SafeKom Blog\",\"url\":\"https:\\\/\\\/www.safekom.pl\\\/blog\\\/\",\"logo\":{\"@type\":\"ImageObject\",\"inLanguage\":\"pl-PL\",\"@id\":\"https:\\\/\\\/www.safekom.pl\\\/blog\\\/#\\\/schema\\\/logo\\\/image\\\/\",\"url\":\"https:\\\/\\\/i0.wp.com\\\/www.safekom.pl\\\/blog\\\/wp-content\\\/uploads\\\/2015\\\/05\\\/cropped-logo.png?fit=512%2C512&ssl=1\",\"contentUrl\":\"https:\\\/\\\/i0.wp.com\\\/www.safekom.pl\\\/blog\\\/wp-content\\\/uploads\\\/2015\\\/05\\\/cropped-logo.png?fit=512%2C512&ssl=1\",\"width\":512,\"height\":512,\"caption\":\"SafeKom Blog\"},\"image\":{\"@id\":\"https:\\\/\\\/www.safekom.pl\\\/blog\\\/#\\\/schema\\\/logo\\\/image\\\/\"},\"sameAs\":[\"https:\\\/\\\/www.facebook.com\\\/safekompl\",\"https:\\\/\\\/x.com\\\/MIwaczuk\",\"https:\\\/\\\/www.linkedin.com\\\/in\\\/michaliwanczuk\\\/\"]}]}<\/script>\n<!-- \/ Yoast SEO plugin. -->","yoast_head_json":{"title":"O Nas - SafeKom Blog","robots":{"index":"index","follow":"follow","max-snippet":"max-snippet:-1","max-image-preview":"max-image-preview:large","max-video-preview":"max-video-preview:-1"},"canonical":"https:\/\/www.safekom.pl\/blog\/o-nas\/","og_locale":"pl_PL","og_type":"article","og_title":"O Nas - SafeKom Blog","og_description":"Micha\u0142 Iwa\u0144czukPasjonat komputerowy od zawsze oraz maniak w zakresie sieci, wirtualizacji oraz bezpiecze\u0144stwa IT. Kompetentny in\u017cynier z du\u017cym do\u015bwiadczeniem w realizacji projekt\u00f3w informatycznych i telekomunikacyjnych. Wieloletni administrator IT, kt\u00f3ry utrzymuje systemy informatyczne dostosowuj\u0105c je do wymog\u00f3w biznesowych z zapewnieniem dost\u0119pno\u015bci 24\/7\/365. Prezentuj\u0119 umiej\u0119tno\u015b\u0107 wdra\u017cania optymalnych \u201eszytych na miar\u0119\u201drozwi\u0105za\u0144 dla firm.Moje motto: \u201ePracuj\u0105c ci\u0119\u017cko nad czym\u015b [&hellip;]","og_url":"https:\/\/www.safekom.pl\/blog\/o-nas\/","og_site_name":"SafeKom Blog","article_publisher":"https:\/\/www.facebook.com\/safekompl","article_modified_time":"2023-03-04T20:19:17+00:00","og_image":[{"url":"http:\/\/www.safekom.pl\/blog\/wp-content\/uploads\/2016\/06\/michal_iwanczuk-1.jpg","type":"","width":"","height":""}],"twitter_card":"summary_large_image","twitter_site":"@MIwaczuk","twitter_misc":{"Szacowany czas czytania":"2 minuty"},"schema":{"@context":"https:\/\/schema.org","@graph":[{"@type":"WebPage","@id":"https:\/\/www.safekom.pl\/blog\/o-nas\/","url":"https:\/\/www.safekom.pl\/blog\/o-nas\/","name":"O Nas - SafeKom Blog","isPartOf":{"@id":"https:\/\/www.safekom.pl\/blog\/#website"},"primaryImageOfPage":{"@id":"https:\/\/www.safekom.pl\/blog\/o-nas\/#primaryimage"},"image":{"@id":"https:\/\/www.safekom.pl\/blog\/o-nas\/#primaryimage"},"thumbnailUrl":"http:\/\/www.safekom.pl\/blog\/wp-content\/uploads\/2016\/06\/michal_iwanczuk-1.jpg","datePublished":"2016-06-07T08:22:11+00:00","dateModified":"2023-03-04T20:19:17+00:00","breadcrumb":{"@id":"https:\/\/www.safekom.pl\/blog\/o-nas\/#breadcrumb"},"inLanguage":"pl-PL","potentialAction":[{"@type":"ReadAction","target":["https:\/\/www.safekom.pl\/blog\/o-nas\/"]}]},{"@type":"ImageObject","inLanguage":"pl-PL","@id":"https:\/\/www.safekom.pl\/blog\/o-nas\/#primaryimage","url":"http:\/\/www.safekom.pl\/blog\/wp-content\/uploads\/2016\/06\/michal_iwanczuk-1.jpg","contentUrl":"http:\/\/www.safekom.pl\/blog\/wp-content\/uploads\/2016\/06\/michal_iwanczuk-1.jpg"},{"@type":"BreadcrumbList","@id":"https:\/\/www.safekom.pl\/blog\/o-nas\/#breadcrumb","itemListElement":[{"@type":"ListItem","position":1,"name":"Strona g\u0142\u00f3wna","item":"https:\/\/www.safekom.pl\/blog\/"},{"@type":"ListItem","position":2,"name":"O Nas"}]},{"@type":"WebSite","@id":"https:\/\/www.safekom.pl\/blog\/#website","url":"https:\/\/www.safekom.pl\/blog\/","name":"SafeKom Blog","description":"Notatki Architekta i in\u017cyniera zwi\u0105zanego rozwi\u0105zaniami on-prem","publisher":{"@id":"https:\/\/www.safekom.pl\/blog\/#organization"},"potentialAction":[{"@type":"SearchAction","target":{"@type":"EntryPoint","urlTemplate":"https:\/\/www.safekom.pl\/blog\/?s={search_term_string}"},"query-input":{"@type":"PropertyValueSpecification","valueRequired":true,"valueName":"search_term_string"}}],"inLanguage":"pl-PL"},{"@type":"Organization","@id":"https:\/\/www.safekom.pl\/blog\/#organization","name":"SafeKom Blog","url":"https:\/\/www.safekom.pl\/blog\/","logo":{"@type":"ImageObject","inLanguage":"pl-PL","@id":"https:\/\/www.safekom.pl\/blog\/#\/schema\/logo\/image\/","url":"https:\/\/i0.wp.com\/www.safekom.pl\/blog\/wp-content\/uploads\/2015\/05\/cropped-logo.png?fit=512%2C512&ssl=1","contentUrl":"https:\/\/i0.wp.com\/www.safekom.pl\/blog\/wp-content\/uploads\/2015\/05\/cropped-logo.png?fit=512%2C512&ssl=1","width":512,"height":512,"caption":"SafeKom Blog"},"image":{"@id":"https:\/\/www.safekom.pl\/blog\/#\/schema\/logo\/image\/"},"sameAs":["https:\/\/www.facebook.com\/safekompl","https:\/\/x.com\/MIwaczuk","https:\/\/www.linkedin.com\/in\/michaliwanczuk\/"]}]}},"jetpack_shortlink":"https:\/\/wp.me\/P7i9ri-e0","jetpack-related-posts":[{"id":2517,"url":"https:\/\/www.safekom.pl\/blog\/polityka_prywatnosci\/","url_meta":{"origin":868,"position":0},"title":"Polityka Prywatno\u015bci","author":"Micha\u0142 Iwa\u0144czuk","date":"05.03.2020","format":false,"excerpt":"Dzie\u0144 dobry! Je\u017celi tutaj trafi\u0142e\u015b, to niezawodny znak, \u017ce cenisz swoj\u0105 prywatno\u015b\u0107. Doskonale to rozumiemy, dlatego przygotowali\u015bmy dla Ciebie ten dokument, w kt\u00f3rym znajdziesz zasady przetwarzania danych osobowych oraz wykorzystywania plik\u00f3w cookies w zwi\u0105zku z korzystaniem ze strony internetowej https:\/\/safekom.pl Informacja formalna na pocz\u0105tek \u2013 administratorem strony jest Micha\u0142 Iwa\u0144czuk\u2026","rel":"","context":"Podobny wpis","block_context":{"text":"Podobny wpis","link":""},"img":{"alt_text":"","src":"","width":0,"height":0},"classes":[]},{"id":1094,"url":"https:\/\/www.safekom.pl\/blog\/kontakt\/","url_meta":{"origin":868,"position":1},"title":"Kontakt","author":"Micha\u0142 Iwa\u0144czuk","date":"21.07.2016","format":false,"excerpt":"Kontakt z namiJak chcesz skontaktowa\u0107 si\u0119 z nami wy\u015blij wiadomo\u015b\u0107 przez formularz Imi\u0119 Nazwisko adres e-mail Temat Wiadomo\u015b\u0107 Wolisz kontakt bezpo\u015bredni zadzwo\u0144 do nas +48512365099Znajdziesz nas w mediach spo\u0142eczno\u015bciowych:","rel":"","context":"Podobny wpis","block_context":{"text":"Podobny wpis","link":""},"img":{"alt_text":"","src":"","width":0,"height":0},"classes":[]},{"id":2268,"url":"https:\/\/www.safekom.pl\/blog\/spis-wpisow\/","url_meta":{"origin":868,"position":2},"title":"Spis wpis\u00f3w","author":"Micha\u0142 Iwa\u0144czuk","date":"28.02.2018","format":false,"excerpt":"Spis wpis\u00f3w na blogu","rel":"","context":"Podobny wpis","block_context":{"text":"Podobny wpis","link":""},"img":{"alt_text":"","src":"","width":0,"height":0},"classes":[]}],"jetpack_sharing_enabled":true,"_links":{"self":[{"href":"https:\/\/www.safekom.pl\/blog\/wp-json\/wp\/v2\/pages\/868","targetHints":{"allow":["GET"]}}],"collection":[{"href":"https:\/\/www.safekom.pl\/blog\/wp-json\/wp\/v2\/pages"}],"about":[{"href":"https:\/\/www.safekom.pl\/blog\/wp-json\/wp\/v2\/types\/page"}],"author":[{"embeddable":true,"href":"https:\/\/www.safekom.pl\/blog\/wp-json\/wp\/v2\/users\/1"}],"replies":[{"embeddable":true,"href":"https:\/\/www.safekom.pl\/blog\/wp-json\/wp\/v2\/comments?post=868"}],"version-history":[{"count":2,"href":"https:\/\/www.safekom.pl\/blog\/wp-json\/wp\/v2\/pages\/868\/revisions"}],"predecessor-version":[{"id":2764,"href":"https:\/\/www.safekom.pl\/blog\/wp-json\/wp\/v2\/pages\/868\/revisions\/2764"}],"wp:attachment":[{"href":"https:\/\/www.safekom.pl\/blog\/wp-json\/wp\/v2\/media?parent=868"}],"curies":[{"name":"wp","href":"https:\/\/api.w.org\/{rel}","templated":true}]}}